{"id":51,"date":"2025-08-01T18:36:26","date_gmt":"2025-08-01T18:36:26","guid":{"rendered":"http:\/\/localhost\/ElevenBakery2\/?page_id=51"},"modified":"2025-08-05T01:23:05","modified_gmt":"2025-08-05T01:23:05","slug":"quienes-somos","status":"publish","type":"page","link":"https:\/\/elevenbakery.com\/elevenbakery\/quienes-somos\/","title":{"rendered":"Qui\u00e9nes Somos?"},"content":{"rendered":"\n<div class=\"wp-block-uagb-advanced-heading uagb-block-963a2ba7\"><h3 class=\"uagb-heading-text\">\u00bfQui\u00e9nes Somos?<\/h3><\/div>\n\n\n\n<p class=\"has-medium-font-size\" style=\"margin-top:0;margin-right:0;margin-bottom:0;margin-left:0\">En ElevenBakery, cada miga cuenta una historia. Somos un matrimonio emprendedor, unidos por el amor y la pasi\u00f3n por la panader\u00eda artesanal. Todo comenz\u00f3 en nuestra peque\u00f1a cocina, donde el aroma de los panes de naranja y pl\u00e1tano reci\u00e9n horneados llenaba el aire y conquistaba corazones. Con recetas que evocan recuerdos de hogar y momentos compartidos, nuestros panes no son solo alimento, sino pedacitos de nostalgia horneados con cari\u00f1o.<\/p>\n\n\n\n<p><\/p>\n\n\n\n<p class=\"has-medium-font-size\">Desde esos primeros d\u00edas, so\u00f1amos con llevar nuestro sabor \u00fanico a tus mesas: desde reuniones familiares y eventos especiales hasta el caf\u00e9 ma\u00f1anero que te saca una sonrisa. En ElevenBakery, usamos ingredientes frescos y naturales, mezclados con dedicaci\u00f3n y un toque de creatividad, para que cada bocado te transporte a esos instantes simples y felices de la vida. Queremos ser parte de tus momentos, grandes o peque\u00f1os, y llenarlos de sabor, calidez y tradici\u00f3n<\/p>\n\n\n\n<p><\/p>\n\n\n\n<div data-aos= \"fade\" data-aos-duration=\"400\" data-aos-delay=\"0\" data-aos-easing=\"ease\" data-aos-once=\"true\" class=\"wp-block-uagb-image aligncenter uagb-block-1b087e1b wp-block-uagb-image--layout-default wp-block-uagb-image--effect-static wp-block-uagb-image--align-center\"><figure class=\"wp-block-uagb-image__figure\"><img decoding=\"async\" srcset=\"https:\/\/elevenbakery.com\/elevenbakery\/wp-content\/uploads\/2025\/08\/quines-somos.jpg ,https:\/\/elevenbakery.com\/elevenbakery\/wp-content\/uploads\/2025\/08\/quines-somos.jpg 780w, https:\/\/elevenbakery.com\/elevenbakery\/wp-content\/uploads\/2025\/08\/quines-somos.jpg 360w\" sizes=\"auto, (max-width: 480px) 150px\" src=\"https:\/\/elevenbakery.com\/elevenbakery\/wp-content\/uploads\/2025\/08\/quines-somos.jpg\" alt=\"\" class=\"uag-image-41\" width=\"720\" height=\"960\" title=\"quines-somos\" loading=\"lazy\" role=\"img\"\/><\/figure><\/div>\n","protected":false},"excerpt":{"rendered":"<p>\u00bfQui\u00e9nes Somos? En ElevenBakery, cada miga cuenta una historia. Somos un matrimonio emprendedor, unidos por el amor y la pasi\u00f3n por la panader\u00eda artesanal. Todo comenz\u00f3 en nuestra peque\u00f1a cocina, donde el aroma de los panes de naranja y pl\u00e1tano reci\u00e9n horneados llenaba el aire y conquistaba corazones. Con recetas que evocan recuerdos de hogar [&hellip;]<\/p>\n","protected":false},"author":1,"featured_media":0,"parent":0,"menu_order":0,"comment_status":"closed","ping_status":"closed","template":"","meta":{"_uag_custom_page_level_css":"","footnotes":""},"class_list":["post-51","page","type-page","status-publish","hentry"],"blocksy_meta":[],"uagb_featured_image_src":{"full":false,"thumbnail":false,"medium":false,"medium_large":false,"large":false,"1536x1536":false,"2048x2048":false},"uagb_author_info":{"display_name":"Marco Zambrano","author_link":"https:\/\/elevenbakery.com\/elevenbakery\/author\/markovichgdl\/"},"uagb_comment_info":0,"uagb_excerpt":"\u00bfQui\u00e9nes Somos? En ElevenBakery, cada miga cuenta una historia. Somos un matrimonio emprendedor, unidos por el amor y la pasi\u00f3n por la panader\u00eda artesanal. Todo comenz\u00f3 en nuestra peque\u00f1a cocina, donde el aroma de los panes de naranja y pl\u00e1tano reci\u00e9n horneados llenaba el aire y conquistaba corazones. Con recetas que evocan recuerdos de hogar&hellip;","_links":{"self":[{"href":"https:\/\/elevenbakery.com\/elevenbakery\/wp-json\/wp\/v2\/pages\/51","targetHints":{"allow":["GET"]}}],"collection":[{"href":"https:\/\/elevenbakery.com\/elevenbakery\/wp-json\/wp\/v2\/pages"}],"about":[{"href":"https:\/\/elevenbakery.com\/elevenbakery\/wp-json\/wp\/v2\/types\/page"}],"author":[{"embeddable":true,"href":"https:\/\/elevenbakery.com\/elevenbakery\/wp-json\/wp\/v2\/users\/1"}],"replies":[{"embeddable":true,"href":"https:\/\/elevenbakery.com\/elevenbakery\/wp-json\/wp\/v2\/comments?post=51"}],"version-history":[{"count":14,"href":"https:\/\/elevenbakery.com\/elevenbakery\/wp-json\/wp\/v2\/pages\/51\/revisions"}],"predecessor-version":[{"id":267,"href":"https:\/\/elevenbakery.com\/elevenbakery\/wp-json\/wp\/v2\/pages\/51\/revisions\/267"}],"wp:attachment":[{"href":"https:\/\/elevenbakery.com\/elevenbakery\/wp-json\/wp\/v2\/media?parent=51"}],"curies":[{"name":"wp","href":"https:\/\/api.w.org\/{rel}","templated":true}]}}