{"id":53,"date":"2025-08-01T18:36:41","date_gmt":"2025-08-01T18:36:41","guid":{"rendered":"http:\/\/localhost\/ElevenBakery2\/?page_id=53"},"modified":"2025-08-04T18:53:12","modified_gmt":"2025-08-04T18:53:12","slug":"panes","status":"publish","type":"page","link":"https:\/\/elevenbakery.com\/elevenbakery\/panes\/","title":{"rendered":"Panes"},"content":{"rendered":"\n<div class=\"wp-block-uagb-container uagb-layout-flex uagb-block-8aaee6df alignfull uagb-is-root-container\"><div class=\"uagb-container-inner-blocks-wrap\">\n<div class=\"wp-block-uagb-container uagb-layout-flex uagb-block-e377f4ea\">\n<figure class=\"wp-block-image size-full is-resized\"><img loading=\"lazy\" decoding=\"async\" width=\"512\" height=\"300\" src=\"https:\/\/elevenbakery.com\/elevenbakery\/wp-content\/uploads\/2025\/08\/trigo.png\" alt=\"\" class=\"wp-image-40\" style=\"width:60px;height:auto\" srcset=\"https:\/\/elevenbakery.com\/elevenbakery\/wp-content\/uploads\/2025\/08\/trigo.png 512w, https:\/\/elevenbakery.com\/elevenbakery\/wp-content\/uploads\/2025\/08\/trigo-300x176.png 300w\" sizes=\"auto, (max-width: 512px) 100vw, 512px\" \/><\/figure>\n\n\n\n<div class=\"wp-block-uagb-advanced-heading uagb-block-53e72157\"><h3 class=\"uagb-heading-text\">Nuestros Panes<\/h3><\/div>\n<\/div>\n<\/div><\/div>\n\n\n\n<div class=\"wp-block-uagb-separator uagb-block-53ac1aec\"><div class=\"wp-block-uagb-separator__inner\" style=\"--my-background-image:\"><\/div><\/div>\n\n\n\n<div class=\"wp-block-media-text is-stacked-on-mobile\" style=\"grid-template-columns:45% auto\"><figure class=\"wp-block-media-text__media\"><img loading=\"lazy\" decoding=\"async\" width=\"1024\" height=\"461\" src=\"https:\/\/elevenbakery.com\/elevenbakery\/wp-content\/uploads\/2025\/08\/20250724_182208-1024x461.jpg\" alt=\"\" class=\"wp-image-47 size-full\" srcset=\"https:\/\/elevenbakery.com\/elevenbakery\/wp-content\/uploads\/2025\/08\/20250724_182208-1024x461.jpg 1024w, https:\/\/elevenbakery.com\/elevenbakery\/wp-content\/uploads\/2025\/08\/20250724_182208-300x135.jpg 300w, https:\/\/elevenbakery.com\/elevenbakery\/wp-content\/uploads\/2025\/08\/20250724_182208-768x346.jpg 768w, https:\/\/elevenbakery.com\/elevenbakery\/wp-content\/uploads\/2025\/08\/20250724_182208-1536x692.jpg 1536w, https:\/\/elevenbakery.com\/elevenbakery\/wp-content\/uploads\/2025\/08\/20250724_182208-2048x923.jpg 2048w\" sizes=\"auto, (max-width: 1024px) 100vw, 1024px\" \/><\/figure><div class=\"wp-block-media-text__content\">\n<div class=\"wp-block-uagb-container uagb-layout-flex uagb-block-1ad94b67 alignfull uagb-is-root-container\"><div class=\"uagb-container-inner-blocks-wrap\">\n<figure class=\"wp-block-image size-full is-resized\" style=\"margin-right:0;margin-left:0\"><img loading=\"lazy\" decoding=\"async\" width=\"512\" height=\"300\" src=\"https:\/\/elevenbakery.com\/elevenbakery\/wp-content\/uploads\/2025\/08\/trigo.png\" alt=\"\" class=\"wp-image-40\" style=\"width:55px;height:auto\" srcset=\"https:\/\/elevenbakery.com\/elevenbakery\/wp-content\/uploads\/2025\/08\/trigo.png 512w, https:\/\/elevenbakery.com\/elevenbakery\/wp-content\/uploads\/2025\/08\/trigo-300x176.png 300w\" sizes=\"auto, (max-width: 512px) 100vw, 512px\" \/><\/figure>\n\n\n\n<p class=\"has-black-color has-text-color has-link-color has-medium-font-size wp-elements-5990f8a14b86f80bb1d6439c332a91db\" style=\"margin-top:0;margin-right:0;margin-bottom:0;margin-left:0\"><strong>Pan de Naranja Artesanal<\/strong><\/p>\n<\/div><\/div>\n\n\n\n<p class=\"has-black-color has-text-color has-link-color wp-elements-46707cbad4b9e5e009e72876163d9645\" style=\"margin-top:var(--wp--preset--spacing--40);margin-right:0;margin-bottom:var(--wp--preset--spacing--40);margin-left:0;font-size:clamp(14px, 0.875rem + ((1vw - 3.2px) * 0.313), 18px);\">Imagina un pan que despierta tus sentidos con solo acercarlo a ti. Nuestro&nbsp;<strong>Pan de Naranja Artesanal<\/strong>&nbsp;es mucho m\u00e1s que un simple pan; es una experiencia que te envuelve con su esponjosa suavidad y su h\u00fameda ternura, como un c\u00e1lido abrazo en cada mordida. Elaborado con el coraz\u00f3n, este pan captura el vibrante y aut\u00e9ntico sabor de las naranjas m\u00e1s frescas, sin conservadores ni artificios, solo ingredientes de primera calidad que se combinan con amor y cuidado.<\/p>\n<\/div><\/div>\n\n\n\n<div class=\"wp-block-uagb-separator uagb-block-75860016\"><div class=\"wp-block-uagb-separator__inner\" style=\"--my-background-image:\"><\/div><\/div>\n\n\n\n<div class=\"wp-block-media-text has-media-on-the-right is-stacked-on-mobile\" style=\"grid-template-columns:auto 45%\"><div class=\"wp-block-media-text__content\">\n<div class=\"wp-block-uagb-container uagb-layout-flex uagb-block-3928db51 alignfull uagb-is-root-container\"><div class=\"uagb-container-inner-blocks-wrap\">\n<figure class=\"wp-block-image size-full is-resized\" style=\"margin-right:0;margin-left:0\"><img loading=\"lazy\" decoding=\"async\" width=\"512\" height=\"300\" src=\"https:\/\/elevenbakery.com\/elevenbakery\/wp-content\/uploads\/2025\/08\/trigo.png\" alt=\"\" class=\"wp-image-40\" style=\"width:55px;height:auto\" srcset=\"https:\/\/elevenbakery.com\/elevenbakery\/wp-content\/uploads\/2025\/08\/trigo.png 512w, https:\/\/elevenbakery.com\/elevenbakery\/wp-content\/uploads\/2025\/08\/trigo-300x176.png 300w\" sizes=\"auto, (max-width: 512px) 100vw, 512px\" \/><\/figure>\n\n\n\n<p class=\"has-black-color has-text-color has-link-color has-medium-font-size wp-elements-239f8b0720237371182430bfd62615e4\" style=\"margin-top:0;margin-right:0;margin-bottom:0;margin-left:0\"><strong><strong>Pan de Banana Artesanal<\/strong><\/strong><\/p>\n<\/div><\/div>\n\n\n\n<p class=\"has-black-color has-text-color has-link-color wp-elements-3a65fb25a2b23dbda001fd4ef6802676\" style=\"margin-top:var(--wp--preset--spacing--40);margin-right:0;margin-bottom:var(--wp--preset--spacing--40);margin-left:0;font-size:clamp(14px, 0.875rem + ((1vw - 3.2px) * 0.313), 18px);\">Nuestro&nbsp;<strong>Pan de Banana Artesanal<\/strong>&nbsp;es un pedacito de felicidad horneado con amor, dise\u00f1ado para conquistar tu coraz\u00f3n desde el primer mordisco. Este pan es una celebraci\u00f3n de suavidad y textura perfecta, con una miga esponjosa que se deshace en la boca y un toque h\u00famedo que abraza tus sentidos. El intenso y genuino sabor a pl\u00e1tano maduro, natural y sin conservadores, brilla en cada rebanada, elaborado con ingredientes de la m\u00e1s alta calidad que reflejan nuestra pasi\u00f3n por lo artesanal.<\/p>\n<\/div><figure class=\"wp-block-media-text__media\"><img loading=\"lazy\" decoding=\"async\" width=\"1024\" height=\"461\" src=\"https:\/\/elevenbakery.com\/elevenbakery\/wp-content\/uploads\/2025\/08\/20250724_182602-1024x461.jpg\" alt=\"\" class=\"wp-image-45 size-full\" srcset=\"https:\/\/elevenbakery.com\/elevenbakery\/wp-content\/uploads\/2025\/08\/20250724_182602-1024x461.jpg 1024w, https:\/\/elevenbakery.com\/elevenbakery\/wp-content\/uploads\/2025\/08\/20250724_182602-300x135.jpg 300w, https:\/\/elevenbakery.com\/elevenbakery\/wp-content\/uploads\/2025\/08\/20250724_182602-768x346.jpg 768w, https:\/\/elevenbakery.com\/elevenbakery\/wp-content\/uploads\/2025\/08\/20250724_182602-1536x692.jpg 1536w, https:\/\/elevenbakery.com\/elevenbakery\/wp-content\/uploads\/2025\/08\/20250724_182602-2048x923.jpg 2048w\" sizes=\"auto, (max-width: 1024px) 100vw, 1024px\" \/><\/figure><\/div>\n\n\n\n<div class=\"wp-block-uagb-separator uagb-block-ceaf6af5\"><div class=\"wp-block-uagb-separator__inner\" style=\"--my-background-image:\"><\/div><\/div>\n\n\n\n<div class=\"wp-block-media-text is-stacked-on-mobile\" style=\"grid-template-columns:45% auto\"><figure class=\"wp-block-media-text__media\"><img loading=\"lazy\" decoding=\"async\" width=\"1024\" height=\"462\" src=\"https:\/\/elevenbakery.com\/elevenbakery\/wp-content\/uploads\/2025\/08\/20250724_182446-1024x462.jpg\" alt=\"\" class=\"wp-image-46 size-full\" srcset=\"https:\/\/elevenbakery.com\/elevenbakery\/wp-content\/uploads\/2025\/08\/20250724_182446-1024x462.jpg 1024w, https:\/\/elevenbakery.com\/elevenbakery\/wp-content\/uploads\/2025\/08\/20250724_182446-300x135.jpg 300w, https:\/\/elevenbakery.com\/elevenbakery\/wp-content\/uploads\/2025\/08\/20250724_182446-768x346.jpg 768w, https:\/\/elevenbakery.com\/elevenbakery\/wp-content\/uploads\/2025\/08\/20250724_182446-1536x692.jpg 1536w, https:\/\/elevenbakery.com\/elevenbakery\/wp-content\/uploads\/2025\/08\/20250724_182446-2048x923.jpg 2048w\" sizes=\"auto, (max-width: 1024px) 100vw, 1024px\" \/><\/figure><div class=\"wp-block-media-text__content\">\n<div class=\"wp-block-uagb-container uagb-layout-flex uagb-block-240f4634 alignfull uagb-is-root-container\"><div class=\"uagb-container-inner-blocks-wrap\">\n<figure class=\"wp-block-image size-full is-resized\" style=\"margin-right:0;margin-left:0\"><img loading=\"lazy\" decoding=\"async\" width=\"512\" height=\"300\" src=\"https:\/\/elevenbakery.com\/elevenbakery\/wp-content\/uploads\/2025\/08\/trigo.png\" alt=\"\" class=\"wp-image-40\" style=\"width:55px;height:auto\" srcset=\"https:\/\/elevenbakery.com\/elevenbakery\/wp-content\/uploads\/2025\/08\/trigo.png 512w, https:\/\/elevenbakery.com\/elevenbakery\/wp-content\/uploads\/2025\/08\/trigo-300x176.png 300w\" sizes=\"auto, (max-width: 512px) 100vw, 512px\" \/><\/figure>\n\n\n\n<p class=\"has-black-color has-text-color has-link-color has-medium-font-size wp-elements-2f02d2e4c826235e5ae011f80df6e9bd\" style=\"margin-top:0;margin-right:0;margin-bottom:0;margin-left:0\"><strong><strong><strong>Pan de Banana y Choco Chips Artesanal<\/strong><\/strong><\/strong><\/p>\n<\/div><\/div>\n\n\n\n<p class=\"has-black-color has-text-color has-link-color wp-elements-133753ab8e7d76f4aa049b76ba62191b\" style=\"margin-top:var(--wp--preset--spacing--40);margin-right:0;margin-bottom:var(--wp--preset--spacing--40);margin-left:0;font-size:clamp(14px, 0.875rem + ((1vw - 3.2px) * 0.313), 18px);\">Nuestro&nbsp;<strong>Pan de Banana y Choco Chips Artesanal<\/strong>&nbsp;es una obra maestra que despierta emociones con cada mordida. Imagina la suavidad esponjosa de un pan h\u00famedo y tierno, cargado con el dulzor natural de las bananas m\u00e1s frescas, mezclado con explosiones de choco chips que se derriten en tu boca. Elaborado sin conservadores y con ingredientes de primera calidad, este pan es un abrazo c\u00e1lido que combina la riqueza frutal de la banana con el placer indulgente del chocolate.<\/p>\n<\/div><\/div>\n\n\n\n<div class=\"wp-block-uagb-separator uagb-block-772740ca\"><div class=\"wp-block-uagb-separator__inner\" style=\"--my-background-image:\"><\/div><\/div>\n\n\n\n<div class=\"wp-block-media-text has-media-on-the-right is-stacked-on-mobile\" style=\"grid-template-columns:auto 45%\"><div class=\"wp-block-media-text__content\">\n<div class=\"wp-block-uagb-container uagb-layout-flex uagb-block-c685f72d alignfull uagb-is-root-container\"><div class=\"uagb-container-inner-blocks-wrap\">\n<figure class=\"wp-block-image size-full is-resized\" style=\"margin-right:0;margin-left:0\"><img loading=\"lazy\" decoding=\"async\" width=\"512\" height=\"300\" src=\"https:\/\/elevenbakery.com\/elevenbakery\/wp-content\/uploads\/2025\/08\/trigo.png\" alt=\"\" class=\"wp-image-40\" style=\"width:55px;height:auto\" srcset=\"https:\/\/elevenbakery.com\/elevenbakery\/wp-content\/uploads\/2025\/08\/trigo.png 512w, https:\/\/elevenbakery.com\/elevenbakery\/wp-content\/uploads\/2025\/08\/trigo-300x176.png 300w\" sizes=\"auto, (max-width: 512px) 100vw, 512px\" \/><\/figure>\n\n\n\n<p class=\"has-black-color has-text-color has-link-color has-medium-font-size wp-elements-3580916bd28b7e928b5f2e256698f64d\" style=\"margin-top:0;margin-right:0;margin-bottom:0;margin-left:0\"><strong><strong>Pan de Elote Artesanal<\/strong><\/strong><\/p>\n<\/div><\/div>\n\n\n\n<p class=\"has-black-color has-text-color has-link-color wp-elements-88a2582d0fef7e859ead9f9cce0e2cee\" style=\"margin-top:var(--wp--preset--spacing--40);margin-right:0;margin-bottom:var(--wp--preset--spacing--40);margin-left:0;font-size:clamp(14px, 0.875rem + ((1vw - 3.2px) * 0.313), 18px);\">Imagina un pan que te seduce con su irresistible aroma a ma\u00edz reci\u00e9n cosechado. Nuestro Pan de Elote Artesanal es mucho m\u00e1s que un simple pan; es una experiencia que despierta tus sentidos con su textura h\u00fameda y esponjosa, y un dorado perfecto en su corona que invita a cada mordida. Elaborado con pasi\u00f3n, este pan captura el aut\u00e9ntico y c\u00e1lido sabor del elote fresco, sin conservadores ni artificios, solo ingredientes de la m\u00e1s alta calidad combinados con amor y dedicaci\u00f3n para ofrecerte una suavidad que se deshace en la boca, como un abrazo reconfortante en cada bocado.<\/p>\n<\/div><figure class=\"wp-block-media-text__media\"><img loading=\"lazy\" decoding=\"async\" width=\"1024\" height=\"461\" src=\"https:\/\/elevenbakery.com\/elevenbakery\/wp-content\/uploads\/2025\/08\/20250802_212757-1024x461.jpg\" alt=\"\" class=\"wp-image-210 size-full\" srcset=\"https:\/\/elevenbakery.com\/elevenbakery\/wp-content\/uploads\/2025\/08\/20250802_212757-1024x461.jpg 1024w, https:\/\/elevenbakery.com\/elevenbakery\/wp-content\/uploads\/2025\/08\/20250802_212757-300x135.jpg 300w, https:\/\/elevenbakery.com\/elevenbakery\/wp-content\/uploads\/2025\/08\/20250802_212757-768x346.jpg 768w, https:\/\/elevenbakery.com\/elevenbakery\/wp-content\/uploads\/2025\/08\/20250802_212757-1536x692.jpg 1536w, https:\/\/elevenbakery.com\/elevenbakery\/wp-content\/uploads\/2025\/08\/20250802_212757-2048x922.jpg 2048w\" sizes=\"auto, (max-width: 1024px) 100vw, 1024px\" \/><\/figure><\/div>\n\n\n\n<div class=\"wp-block-uagb-separator uagb-block-a0de673f\"><div class=\"wp-block-uagb-separator__inner\" style=\"--my-background-image:\"><\/div><\/div>\n","protected":false},"excerpt":{"rendered":"<p>Nuestros Panes<\/p>\n","protected":false},"author":1,"featured_media":0,"parent":0,"menu_order":0,"comment_status":"closed","ping_status":"closed","template":"","meta":{"_uag_custom_page_level_css":"","footnotes":""},"class_list":["post-53","page","type-page","status-publish","hentry"],"blocksy_meta":[],"uagb_featured_image_src":{"full":false,"thumbnail":false,"medium":false,"medium_large":false,"large":false,"1536x1536":false,"2048x2048":false},"uagb_author_info":{"display_name":"Marco Zambrano","author_link":"https:\/\/elevenbakery.com\/elevenbakery\/author\/markovichgdl\/"},"uagb_comment_info":0,"uagb_excerpt":"Nuestros Panes","_links":{"self":[{"href":"https:\/\/elevenbakery.com\/elevenbakery\/wp-json\/wp\/v2\/pages\/53","targetHints":{"allow":["GET"]}}],"collection":[{"href":"https:\/\/elevenbakery.com\/elevenbakery\/wp-json\/wp\/v2\/pages"}],"about":[{"href":"https:\/\/elevenbakery.com\/elevenbakery\/wp-json\/wp\/v2\/types\/page"}],"author":[{"embeddable":true,"href":"https:\/\/elevenbakery.com\/elevenbakery\/wp-json\/wp\/v2\/users\/1"}],"replies":[{"embeddable":true,"href":"https:\/\/elevenbakery.com\/elevenbakery\/wp-json\/wp\/v2\/comments?post=53"}],"version-history":[{"count":35,"href":"https:\/\/elevenbakery.com\/elevenbakery\/wp-json\/wp\/v2\/pages\/53\/revisions"}],"predecessor-version":[{"id":211,"href":"https:\/\/elevenbakery.com\/elevenbakery\/wp-json\/wp\/v2\/pages\/53\/revisions\/211"}],"wp:attachment":[{"href":"https:\/\/elevenbakery.com\/elevenbakery\/wp-json\/wp\/v2\/media?parent=53"}],"curies":[{"name":"wp","href":"https:\/\/api.w.org\/{rel}","templated":true}]}}